{"id":560,"date":"2023-12-03T15:45:41","date_gmt":"2023-12-03T15:45:41","guid":{"rendered":"https:\/\/iestpisa.edu.pe\/webiestpisa\/?page_id=560"},"modified":"2024-05-09T16:40:55","modified_gmt":"2024-05-09T16:40:55","slug":"biblioteca","status":"publish","type":"page","link":"https:\/\/iestpisa.edu.pe\/webiestpisa\/biblioteca\/","title":{"rendered":"Biblioteca"},"content":{"rendered":"<body>\t\t<div data-elementor-type=\"wp-page\" data-elementor-id=\"560\" class=\"elementor elementor-560\" data-elementor-post-type=\"page\">\n\t\t\t\t<div class=\"elementor-element elementor-element-9915351 e-con-full e-flex e-con e-parent\" data-id=\"9915351\" data-element_type=\"container\" data-e-type=\"container\" data-settings=\"{&quot;background_background&quot;:&quot;slideshow&quot;,&quot;background_slideshow_gallery&quot;:[{&quot;id&quot;:949,&quot;url&quot;:&quot;https:\\\/\\\/iestpisa.edu.pe\\\/webiestpisa\\\/wp-content\\\/uploads\\\/2024\\\/03\\\/BIBLIOTECA.jpg&quot;}],&quot;background_slideshow_loop&quot;:&quot;yes&quot;,&quot;background_slideshow_slide_duration&quot;:5000,&quot;background_slideshow_slide_transition&quot;:&quot;fade&quot;,&quot;background_slideshow_transition_duration&quot;:500}\">\n\t\t\t\t<div class=\"elementor-element elementor-element-1743b62 elementor-widget elementor-widget-heading\" data-id=\"1743b62\" data-element_type=\"widget\" data-e-type=\"widget\" data-widget_type=\"heading.default\">\n\t\t\t\t<div class=\"elementor-widget-container\">\n\t\t\t\t\t<h2 class=\"elementor-heading-title elementor-size-default\">BIBLIOTECA<\/h2>\t\t\t\t<\/div>\n\t\t\t\t<\/div>\n\t\t\t\t<\/div>\n\t\t\t\t<section class=\"elementor-section elementor-top-section elementor-element elementor-element-32b0d0f2 elementor-section-boxed elementor-section-height-default elementor-section-height-default\" data-id=\"32b0d0f2\" data-element_type=\"section\" data-e-type=\"section\" data-settings=\"{&quot;background_background&quot;:&quot;classic&quot;}\">\n\t\t\t\t\t\t<div class=\"elementor-container elementor-column-gap-no\">\n\t\t\t\t\t<div class=\"elementor-column elementor-col-100 elementor-top-column elementor-element elementor-element-650ce570\" data-id=\"650ce570\" data-element_type=\"column\" data-e-type=\"column\">\n\t\t\t<div class=\"elementor-widget-wrap elementor-element-populated\">\n\t\t\t\t\t\t<section class=\"elementor-section elementor-inner-section elementor-element elementor-element-5a1cf5b7 elementor-section-height-min-height elementor-section-boxed elementor-section-height-default elementor-invisible\" data-id=\"5a1cf5b7\" data-element_type=\"section\" data-e-type=\"section\" data-settings=\"{&quot;animation&quot;:&quot;fadeIn&quot;}\">\n\t\t\t\t\t\t<div class=\"elementor-container elementor-column-gap-default\">\n\t\t\t\t\t<div class=\"elementor-column elementor-col-50 elementor-inner-column elementor-element elementor-element-31f7a900\" data-id=\"31f7a900\" data-element_type=\"column\" data-e-type=\"column\" data-settings=\"{&quot;background_background&quot;:&quot;classic&quot;}\">\n\t\t\t<div class=\"elementor-widget-wrap elementor-element-populated\">\n\t\t\t\t\t\t<div class=\"elementor-element elementor-element-5ef3dbe4 elementor-widget-divider--view-line elementor-widget elementor-widget-divider\" data-id=\"5ef3dbe4\" data-element_type=\"widget\" data-e-type=\"widget\" data-widget_type=\"divider.default\">\n\t\t\t\t<div class=\"elementor-widget-container\">\n\t\t\t\t\t\t\t<div class=\"elementor-divider\">\n\t\t\t<span class=\"elementor-divider-separator\">\n\t\t\t\t\t\t<\/span>\n\t\t<\/div>\n\t\t\t\t\t\t<\/div>\n\t\t\t\t<\/div>\n\t\t\t\t\t<\/div>\n\t\t<\/div>\n\t\t\t\t<div class=\"elementor-column elementor-col-50 elementor-inner-column elementor-element elementor-element-7206d02f\" data-id=\"7206d02f\" data-element_type=\"column\" data-e-type=\"column\">\n\t\t\t<div class=\"elementor-widget-wrap elementor-element-populated\">\n\t\t\t\t\t\t<div class=\"elementor-element elementor-element-21a73b63 elementor-widget elementor-widget-heading\" data-id=\"21a73b63\" data-element_type=\"widget\" data-e-type=\"widget\" data-widget_type=\"heading.default\">\n\t\t\t\t<div class=\"elementor-widget-container\">\n\t\t\t\t\t<h2 class=\"elementor-heading-title elementor-size-default\">Biblioteca Virtual<\/h2>\t\t\t\t<\/div>\n\t\t\t\t<\/div>\n\t\t\t\t<div class=\"elementor-element elementor-element-f93ef2a elementor-widget elementor-widget-text-editor\" data-id=\"f93ef2a\" data-element_type=\"widget\" data-e-type=\"widget\" data-widget_type=\"text-editor.default\">\n\t\t\t\t<div class=\"elementor-widget-container\">\n\t\t\t\t\t\t\t\t\t<p>Estimados alumnos del Instituto Santa \u00c1ngela,<\/p><p>Nos complace invitarlos a explorar nuestra biblioteca digital a trav\u00e9s del siguiente enlace: Biblioteca del Instituto Santa \u00c1ngela. Aqu\u00ed encontrar\u00e1n una amplia gama de recursos educativos y literarios disponibles para su uso. Aseg\u00farense de tener sus credenciales de inicio de sesi\u00f3n listas. Esperamos que aprovechen al m\u00e1ximo esta valiosa herramienta de aprendizaje.<\/p>\t\t\t\t\t\t\t\t<\/div>\n\t\t\t\t<\/div>\n\t\t\t\t<div class=\"elementor-element elementor-element-07f9022 elementor-widget elementor-widget-eael-creative-button\" data-id=\"07f9022\" data-element_type=\"widget\" data-e-type=\"widget\" data-widget_type=\"eael-creative-button.default\">\n\t\t\t\t<div class=\"elementor-widget-container\">\n\t\t\t\t\t        <div class=\"eael-creative-button-wrapper\">\n\n            <a class=\"eael-creative-button eael-creative-button--winona eael-cb-icon-position-\" href=\"https:\/\/isasantaangela.bibliotecalatina.com\/login\" target=\"_blank\" data-text=\"Ir!\">\n            \t    \n                <div class=\"creative-button-inner\">\n\n                    \n                    <span class=\"cretive-button-text\">Biblioteca Virtual<\/span>\n\n                                    <\/div>\n\t                        <\/a>\n        <\/div>\n        \t\t\t\t<\/div>\n\t\t\t\t<\/div>\n\t\t\t\t<div class=\"elementor-element elementor-element-3a818e3 elementor-widget elementor-widget-eael-creative-button\" data-id=\"3a818e3\" data-element_type=\"widget\" data-e-type=\"widget\" data-widget_type=\"eael-creative-button.default\">\n\t\t\t\t<div class=\"elementor-widget-container\">\n\t\t\t\t\t        <div class=\"eael-creative-button-wrapper\">\n\n            <a class=\"eael-creative-button eael-creative-button--winona eael-cb-icon-position-\" href=\"https:\/\/books.google.es\/\" target=\"_blank\" data-text=\"Ir!\">\n            \t    \n                <div class=\"creative-button-inner\">\n\n                    \n                    <span class=\"cretive-button-text\">google books<\/span>\n\n                                    <\/div>\n\t                        <\/a>\n        <\/div>\n        \t\t\t\t<\/div>\n\t\t\t\t<\/div>\n\t\t\t\t<div class=\"elementor-element elementor-element-1b1702a7 elementor-widget-divider--view-line elementor-invisible elementor-widget elementor-widget-divider\" data-id=\"1b1702a7\" data-element_type=\"widget\" data-e-type=\"widget\" data-settings=\"{&quot;_animation&quot;:&quot;fadeIn&quot;}\" data-widget_type=\"divider.default\">\n\t\t\t\t<div class=\"elementor-widget-container\">\n\t\t\t\t\t\t\t<div class=\"elementor-divider\">\n\t\t\t<span class=\"elementor-divider-separator\">\n\t\t\t\t\t\t<\/span>\n\t\t<\/div>\n\t\t\t\t\t\t<\/div>\n\t\t\t\t<\/div>\n\t\t\t\t\t<\/div>\n\t\t<\/div>\n\t\t\t\t\t<\/div>\n\t\t<\/section>\n\t\t\t\t\t<\/div>\n\t\t<\/div>\n\t\t\t\t\t<\/div>\n\t\t<\/section>\n\t\t\t\t<\/div>\n\t\t<\/body>","protected":false},"excerpt":{"rendered":"<p>BIBLIOTECA Biblioteca Virtual Estimados alumnos del Instituto Santa \u00c1ngela, Nos complace invitarlos a explorar nuestra biblioteca digital a trav\u00e9s del siguiente enlace: Biblioteca del Instituto Santa \u00c1ngela. Aqu\u00ed encontrar\u00e1n una amplia gama de recursos educativos y literarios disponibles para su uso. Aseg\u00farense de tener sus credenciales de inicio de sesi\u00f3n listas. Esperamos que aprovechen al [&hellip;]<\/p>\n","protected":false},"author":1,"featured_media":0,"parent":0,"menu_order":0,"comment_status":"closed","ping_status":"closed","template":"elementor_header_footer","meta":{"_joinchat":[],"footnotes":""},"class_list":["post-560","page","type-page","status-publish","hentry"],"jetpack_sharing_enabled":true,"_links":{"self":[{"href":"https:\/\/iestpisa.edu.pe\/webiestpisa\/wp-json\/wp\/v2\/pages\/560","targetHints":{"allow":["GET"]}}],"collection":[{"href":"https:\/\/iestpisa.edu.pe\/webiestpisa\/wp-json\/wp\/v2\/pages"}],"about":[{"href":"https:\/\/iestpisa.edu.pe\/webiestpisa\/wp-json\/wp\/v2\/types\/page"}],"author":[{"embeddable":true,"href":"https:\/\/iestpisa.edu.pe\/webiestpisa\/wp-json\/wp\/v2\/users\/1"}],"replies":[{"embeddable":true,"href":"https:\/\/iestpisa.edu.pe\/webiestpisa\/wp-json\/wp\/v2\/comments?post=560"}],"version-history":[{"count":52,"href":"https:\/\/iestpisa.edu.pe\/webiestpisa\/wp-json\/wp\/v2\/pages\/560\/revisions"}],"predecessor-version":[{"id":2550,"href":"https:\/\/iestpisa.edu.pe\/webiestpisa\/wp-json\/wp\/v2\/pages\/560\/revisions\/2550"}],"wp:attachment":[{"href":"https:\/\/iestpisa.edu.pe\/webiestpisa\/wp-json\/wp\/v2\/media?parent=560"}],"curies":[{"name":"wp","href":"https:\/\/api.w.org\/{rel}","templated":true}]}}