{"id":632,"date":"2023-12-03T16:55:55","date_gmt":"2023-12-03T16:55:55","guid":{"rendered":"https:\/\/iestpisa.edu.pe\/webiestpisa\/?page_id=632"},"modified":"2024-06-29T17:47:06","modified_gmt":"2024-06-29T17:47:06","slug":"identidad-institucional","status":"publish","type":"page","link":"https:\/\/iestpisa.edu.pe\/webiestpisa\/identidad-institucional\/","title":{"rendered":"Identidad Institucional"},"content":{"rendered":"<body>\t\t<div data-elementor-type=\"wp-page\" data-elementor-id=\"632\" class=\"elementor elementor-632\" data-elementor-post-type=\"page\">\n\t\t\t\t<div class=\"elementor-element elementor-element-ee10a2e e-con-full e-flex e-con e-parent\" data-id=\"ee10a2e\" data-element_type=\"container\" data-e-type=\"container\" data-settings=\"{&quot;background_background&quot;:&quot;slideshow&quot;,&quot;background_slideshow_gallery&quot;:[{&quot;id&quot;:920,&quot;url&quot;:&quot;https:\\\/\\\/iestpisa.edu.pe\\\/webiestpisa\\\/wp-content\\\/uploads\\\/2024\\\/03\\\/identidad-ins.jpg&quot;}],&quot;background_slideshow_loop&quot;:&quot;yes&quot;,&quot;background_slideshow_slide_duration&quot;:5000,&quot;background_slideshow_slide_transition&quot;:&quot;fade&quot;,&quot;background_slideshow_transition_duration&quot;:500}\">\n\t\t\t\t<div class=\"elementor-element elementor-element-790fab0 elementor-widget elementor-widget-heading\" data-id=\"790fab0\" data-element_type=\"widget\" data-e-type=\"widget\" data-widget_type=\"heading.default\">\n\t\t\t\t<div class=\"elementor-widget-container\">\n\t\t\t\t\t<h2 class=\"elementor-heading-title elementor-size-default\">Identidad Institucional<\/h2>\t\t\t\t<\/div>\n\t\t\t\t<\/div>\n\t\t\t\t<\/div>\n\t\t\t\t<section class=\"elementor-section elementor-top-section elementor-element elementor-element-505ff3f6 elementor-section-boxed elementor-section-height-default elementor-section-height-default\" data-id=\"505ff3f6\" data-element_type=\"section\" data-e-type=\"section\" data-settings=\"{&quot;background_background&quot;:&quot;classic&quot;}\">\n\t\t\t\t\t\t\t<div class=\"elementor-background-overlay\"><\/div>\n\t\t\t\t\t\t\t<div class=\"elementor-container elementor-column-gap-default\">\n\t\t\t\t\t<div class=\"elementor-column elementor-col-100 elementor-top-column elementor-element elementor-element-4d97723a\" data-id=\"4d97723a\" data-element_type=\"column\" data-e-type=\"column\">\n\t\t\t<div class=\"elementor-widget-wrap elementor-element-populated\">\n\t\t\t\t\t\t<div class=\"elementor-element elementor-element-b95503 elementor-widget elementor-widget-spacer\" data-id=\"b95503\" data-element_type=\"widget\" data-e-type=\"widget\" data-widget_type=\"spacer.default\">\n\t\t\t\t<div class=\"elementor-widget-container\">\n\t\t\t\t\t\t\t<div class=\"elementor-spacer\">\n\t\t\t<div class=\"elementor-spacer-inner\"><\/div>\n\t\t<\/div>\n\t\t\t\t\t\t<\/div>\n\t\t\t\t<\/div>\n\t\t\t\t<section class=\"elementor-section elementor-inner-section elementor-element elementor-element-798321e8 elementor-section-boxed elementor-section-height-default elementor-section-height-default\" data-id=\"798321e8\" data-element_type=\"section\" data-e-type=\"section\">\n\t\t\t\t\t\t<div class=\"elementor-container elementor-column-gap-default\">\n\t\t\t\t\t<div class=\"elementor-column elementor-col-50 elementor-inner-column elementor-element elementor-element-21a6b990\" data-id=\"21a6b990\" data-element_type=\"column\" data-e-type=\"column\" data-settings=\"{&quot;background_background&quot;:&quot;classic&quot;}\">\n\t\t\t<div class=\"elementor-widget-wrap elementor-element-populated\">\n\t\t\t\t\t\t<div class=\"elementor-element elementor-element-205a106 elementor-view-stacked elementor-shape-circle elementor-widget elementor-widget-icon\" data-id=\"205a106\" data-element_type=\"widget\" data-e-type=\"widget\" data-widget_type=\"icon.default\">\n\t\t\t\t<div class=\"elementor-widget-container\">\n\t\t\t\t\t\t\t<div class=\"elementor-icon-wrapper\">\n\t\t\t<div class=\"elementor-icon\">\n\t\t\t<svg aria-hidden=\"true\" class=\"e-font-icon-svg e-fas-school\" viewbox=\"0 0 640 512\" xmlns=\"http:\/\/www.w3.org\/2000\/svg\"><path d=\"M0 224v272c0 8.84 7.16 16 16 16h80V192H32c-17.67 0-32 14.33-32 32zm360-48h-24v-40c0-4.42-3.58-8-8-8h-16c-4.42 0-8 3.58-8 8v64c0 4.42 3.58 8 8 8h48c4.42 0 8-3.58 8-8v-16c0-4.42-3.58-8-8-8zm137.75-63.96l-160-106.67a32.02 32.02 0 0 0-35.5 0l-160 106.67A32.002 32.002 0 0 0 128 138.66V512h128V368c0-8.84 7.16-16 16-16h96c8.84 0 16 7.16 16 16v144h128V138.67c0-10.7-5.35-20.7-14.25-26.63zM320 256c-44.18 0-80-35.82-80-80s35.82-80 80-80 80 35.82 80 80-35.82 80-80 80zm288-64h-64v320h80c8.84 0 16-7.16 16-16V224c0-17.67-14.33-32-32-32z\"><\/path><\/svg>\t\t\t<\/div>\n\t\t<\/div>\n\t\t\t\t\t\t<\/div>\n\t\t\t\t<\/div>\n\t\t\t\t<div class=\"elementor-element elementor-element-5f5c28c6 elementor-widget elementor-widget-spacer\" data-id=\"5f5c28c6\" data-element_type=\"widget\" data-e-type=\"widget\" data-widget_type=\"spacer.default\">\n\t\t\t\t<div class=\"elementor-widget-container\">\n\t\t\t\t\t\t\t<div class=\"elementor-spacer\">\n\t\t\t<div class=\"elementor-spacer-inner\"><\/div>\n\t\t<\/div>\n\t\t\t\t\t\t<\/div>\n\t\t\t\t<\/div>\n\t\t\t\t<div class=\"elementor-element elementor-element-343ad7c1 elementor-widget elementor-widget-heading\" data-id=\"343ad7c1\" data-element_type=\"widget\" data-e-type=\"widget\" data-widget_type=\"heading.default\">\n\t\t\t\t<div class=\"elementor-widget-container\">\n\t\t\t\t\t<h3 class=\"elementor-heading-title elementor-size-default\">MISI\u00d3N<\/h3>\t\t\t\t<\/div>\n\t\t\t\t<\/div>\n\t\t\t\t<div class=\"elementor-element elementor-element-27c4b741 elementor-widget elementor-widget-text-editor\" data-id=\"27c4b741\" data-element_type=\"widget\" data-e-type=\"widget\" data-widget_type=\"text-editor.default\">\n\t\t\t\t<div class=\"elementor-widget-container\">\n\t\t\t\t\t\t\t\t\tSomos un Instituto de Educaci\u00f3n Superior que forma personas en los campos de la tecnolog\u00eda, l\u00edderes, innovadores y emprendedores para contribuir al desarrollo del pa\u00eds a trav\u00e9s de la educaci\u00f3n permanente y el equilibrio entre la oferta formativa y la demanda laboral.\n\t\t\t\t\t\t\t\t<\/div>\n\t\t\t\t<\/div>\n\t\t\t\t\t<\/div>\n\t\t<\/div>\n\t\t\t\t<div class=\"elementor-column elementor-col-50 elementor-inner-column elementor-element elementor-element-3e0053ef\" data-id=\"3e0053ef\" data-element_type=\"column\" data-e-type=\"column\" data-settings=\"{&quot;background_background&quot;:&quot;classic&quot;}\">\n\t\t\t<div class=\"elementor-widget-wrap elementor-element-populated\">\n\t\t\t\t\t\t<div class=\"elementor-element elementor-element-38b35be4 elementor-view-stacked elementor-shape-circle elementor-widget elementor-widget-icon\" data-id=\"38b35be4\" data-element_type=\"widget\" data-e-type=\"widget\" data-widget_type=\"icon.default\">\n\t\t\t\t<div class=\"elementor-widget-container\">\n\t\t\t\t\t\t\t<div class=\"elementor-icon-wrapper\">\n\t\t\t<div class=\"elementor-icon\">\n\t\t\t<svg aria-hidden=\"true\" class=\"e-font-icon-svg e-fas-user-graduate\" viewbox=\"0 0 448 512\" xmlns=\"http:\/\/www.w3.org\/2000\/svg\"><path d=\"M319.4 320.6L224 416l-95.4-95.4C57.1 323.7 0 382.2 0 454.4v9.6c0 26.5 21.5 48 48 48h352c26.5 0 48-21.5 48-48v-9.6c0-72.2-57.1-130.7-128.6-133.8zM13.6 79.8l6.4 1.5v58.4c-7 4.2-12 11.5-12 20.3 0 8.4 4.6 15.4 11.1 19.7L3.5 242c-1.7 6.9 2.1 14 7.6 14h41.8c5.5 0 9.3-7.1 7.6-14l-15.6-62.3C51.4 175.4 56 168.4 56 160c0-8.8-5-16.1-12-20.3V87.1l66 15.9c-8.6 17.2-14 36.4-14 57 0 70.7 57.3 128 128 128s128-57.3 128-128c0-20.6-5.3-39.8-14-57l96.3-23.2c18.2-4.4 18.2-27.1 0-31.5l-190.4-46c-13-3.1-26.7-3.1-39.7 0L13.6 48.2c-18.1 4.4-18.1 27.2 0 31.6z\"><\/path><\/svg>\t\t\t<\/div>\n\t\t<\/div>\n\t\t\t\t\t\t<\/div>\n\t\t\t\t<\/div>\n\t\t\t\t<div class=\"elementor-element elementor-element-5f8cf200 elementor-widget elementor-widget-spacer\" data-id=\"5f8cf200\" data-element_type=\"widget\" data-e-type=\"widget\" data-widget_type=\"spacer.default\">\n\t\t\t\t<div class=\"elementor-widget-container\">\n\t\t\t\t\t\t\t<div class=\"elementor-spacer\">\n\t\t\t<div class=\"elementor-spacer-inner\"><\/div>\n\t\t<\/div>\n\t\t\t\t\t\t<\/div>\n\t\t\t\t<\/div>\n\t\t\t\t<div class=\"elementor-element elementor-element-28a8d1d2 elementor-widget elementor-widget-heading\" data-id=\"28a8d1d2\" data-element_type=\"widget\" data-e-type=\"widget\" data-widget_type=\"heading.default\">\n\t\t\t\t<div class=\"elementor-widget-container\">\n\t\t\t\t\t<h3 class=\"elementor-heading-title elementor-size-default\">VISI\u00d3N<\/h3>\t\t\t\t<\/div>\n\t\t\t\t<\/div>\n\t\t\t\t<div class=\"elementor-element elementor-element-372c9dca elementor-widget elementor-widget-text-editor\" data-id=\"372c9dca\" data-element_type=\"widget\" data-e-type=\"widget\" data-widget_type=\"text-editor.default\">\n\t\t\t\t<div class=\"elementor-widget-container\">\n\t\t\t\t\t\t\t\t\tAl 2030, el Instituto \u201cSanta Angela\u201d brinda una oferta formativa de calidad, que cuenta con las condiciones necesarias para responder a los requerimientos de los sectores productivos y educativos contribuyendo al desarrollo individual, social inclusivo de las personas en el entorno laboral.\t\t\t\t\t\t\t\t<\/div>\n\t\t\t\t<\/div>\n\t\t\t\t\t<\/div>\n\t\t<\/div>\n\t\t\t\t\t<\/div>\n\t\t<\/section>\n\t\t\t\t\t<\/div>\n\t\t<\/div>\n\t\t\t\t\t<\/div>\n\t\t<\/section>\n\t\t<div class=\"elementor-element elementor-element-4877416 e-flex e-con-boxed e-con e-parent\" data-id=\"4877416\" data-element_type=\"container\" data-e-type=\"container\" data-settings=\"{&quot;background_background&quot;:&quot;classic&quot;}\">\n\t\t\t\t\t<div class=\"e-con-inner\">\n\t\t\t\t<div class=\"elementor-element elementor-element-0a7be6b elementor-invisible elementor-widget elementor-widget-heading\" data-id=\"0a7be6b\" data-element_type=\"widget\" data-e-type=\"widget\" data-settings=\"{&quot;_animation&quot;:&quot;fadeIn&quot;}\" data-widget_type=\"heading.default\">\n\t\t\t\t<div class=\"elementor-widget-container\">\n\t\t\t\t\t<h2 class=\"elementor-heading-title elementor-size-xxl\">VALORES<\/h2>\t\t\t\t<\/div>\n\t\t\t\t<\/div>\n\t\t\t\t\t<\/div>\n\t\t\t\t<\/div>\n\t\t\t\t<section class=\"elementor-section elementor-top-section elementor-element elementor-element-1976a547 elementor-section-boxed elementor-section-height-default elementor-section-height-default\" data-id=\"1976a547\" data-element_type=\"section\" data-e-type=\"section\" data-settings=\"{&quot;background_background&quot;:&quot;classic&quot;}\">\n\t\t\t\t\t\t<div class=\"elementor-container elementor-column-gap-default\">\n\t\t\t\t\t<div class=\"elementor-column elementor-col-100 elementor-top-column elementor-element elementor-element-c4139c\" data-id=\"c4139c\" data-element_type=\"column\" data-e-type=\"column\">\n\t\t\t<div class=\"elementor-widget-wrap elementor-element-populated\">\n\t\t\t\t\t\t<section class=\"elementor-section elementor-inner-section elementor-element elementor-element-1c5c798b elementor-section-boxed elementor-section-height-default elementor-section-height-default\" data-id=\"1c5c798b\" data-element_type=\"section\" data-e-type=\"section\">\n\t\t\t\t\t\t<div class=\"elementor-container elementor-column-gap-default\">\n\t\t\t\t\t<div class=\"elementor-column elementor-col-25 elementor-inner-column elementor-element elementor-element-74280cd0\" data-id=\"74280cd0\" data-element_type=\"column\" data-e-type=\"column\">\n\t\t\t<div class=\"elementor-widget-wrap elementor-element-populated\">\n\t\t\t\t\t\t<div class=\"elementor-element elementor-element-70dbf3e6 animated-slow elementor-invisible elementor-widget elementor-widget-heading\" data-id=\"70dbf3e6\" data-element_type=\"widget\" data-e-type=\"widget\" data-settings=\"{&quot;_animation&quot;:&quot;fadeIn&quot;}\" data-widget_type=\"heading.default\">\n\t\t\t\t<div class=\"elementor-widget-container\">\n\t\t\t\t\t<h1 class=\"elementor-heading-title elementor-size-default\">Identidad:<\/h1>\t\t\t\t<\/div>\n\t\t\t\t<\/div>\n\t\t\t\t<div class=\"elementor-element elementor-element-225aa7f9 elementor-invisible elementor-widget elementor-widget-text-editor\" data-id=\"225aa7f9\" data-element_type=\"widget\" data-e-type=\"widget\" data-settings=\"{&quot;_animation&quot;:&quot;fadeIn&quot;}\" data-widget_type=\"text-editor.default\">\n\t\t\t\t<div class=\"elementor-widget-container\">\n\t\t\t\t\t\t\t\t\tNos identificamos con la instituci\u00f3n desarrollando estrategias que conllevan a cumplir la misi\u00f3n, proyectarnos en la visi\u00f3n y asumir una cultura institucional.\t\t\t\t\t\t\t\t<\/div>\n\t\t\t\t<\/div>\n\t\t\t\t<div class=\"elementor-element elementor-element-235fbc9 animated-slow elementor-invisible elementor-widget elementor-widget-heading\" data-id=\"235fbc9\" data-element_type=\"widget\" data-e-type=\"widget\" data-settings=\"{&quot;_animation&quot;:&quot;fadeIn&quot;}\" data-widget_type=\"heading.default\">\n\t\t\t\t<div class=\"elementor-widget-container\">\n\t\t\t\t\t<h1 class=\"elementor-heading-title elementor-size-default\">Respeto:<\/h1>\t\t\t\t<\/div>\n\t\t\t\t<\/div>\n\t\t\t\t<div class=\"elementor-element elementor-element-7e737bf1 elementor-invisible elementor-widget elementor-widget-text-editor\" data-id=\"7e737bf1\" data-element_type=\"widget\" data-e-type=\"widget\" data-settings=\"{&quot;_animation&quot;:&quot;fadeIn&quot;}\" data-widget_type=\"text-editor.default\">\n\t\t\t\t<div class=\"elementor-widget-container\">\n\t\t\t\t\t\t\t\t\tAsumimos el respeto entre los integrantes, reconociendo sus deberes y derechos con equidad para lograr una convivencia arm\u00f3nica.\t\t\t\t\t\t\t\t<\/div>\n\t\t\t\t<\/div>\n\t\t\t\t<div class=\"elementor-element elementor-element-1c7465a9 animated-slow elementor-invisible elementor-widget elementor-widget-heading\" data-id=\"1c7465a9\" data-element_type=\"widget\" data-e-type=\"widget\" data-settings=\"{&quot;_animation&quot;:&quot;fadeIn&quot;}\" data-widget_type=\"heading.default\">\n\t\t\t\t<div class=\"elementor-widget-container\">\n\t\t\t\t\t<h1 class=\"elementor-heading-title elementor-size-default\">Perseverancia:<\/h1>\t\t\t\t<\/div>\n\t\t\t\t<\/div>\n\t\t\t\t<div class=\"elementor-element elementor-element-6f1413bf elementor-invisible elementor-widget elementor-widget-text-editor\" data-id=\"6f1413bf\" data-element_type=\"widget\" data-e-type=\"widget\" data-settings=\"{&quot;_animation&quot;:&quot;fadeIn&quot;}\" data-widget_type=\"text-editor.default\">\n\t\t\t\t<div class=\"elementor-widget-container\">\n\t\t\t\t\t\t\t\t\tSomos perseverantes con el logro de nuestros objetivos, pues sabemos que con dedicaci\u00f3n y esfuerzo se superan los obst\u00e1culos.\t\t\t\t\t\t\t\t<\/div>\n\t\t\t\t<\/div>\n\t\t\t\t\t<\/div>\n\t\t<\/div>\n\t\t\t\t<div class=\"elementor-column elementor-col-50 elementor-inner-column elementor-element elementor-element-45295542\" data-id=\"45295542\" data-element_type=\"column\" data-e-type=\"column\">\n\t\t\t<div class=\"elementor-widget-wrap elementor-element-populated\">\n\t\t\t\t\t\t<div class=\"elementor-element elementor-element-1bcfc51a elementor-widget elementor-widget-image\" data-id=\"1bcfc51a\" data-element_type=\"widget\" data-e-type=\"widget\" data-widget_type=\"image.default\">\n\t\t\t\t<div class=\"elementor-widget-container\">\n\t\t\t\t\t\t\t\t\t\t\t\t\t\t\t<img loading=\"lazy\" decoding=\"async\" width=\"707\" height=\"1024\" src=\"https:\/\/i0.wp.com\/iestpisa.edu.pe\/webiestpisa\/wp-content\/uploads\/2024\/03\/Sin-titulo-1-scaled.jpg?fit=707%2C1024&amp;ssl=1\" class=\"attachment-large size-large wp-image-907\" alt=\"\" srcset=\"https:\/\/i0.wp.com\/iestpisa.edu.pe\/webiestpisa\/wp-content\/uploads\/2024\/03\/Sin-titulo-1-scaled.jpg?w=1767&amp;ssl=1 1767w, https:\/\/i0.wp.com\/iestpisa.edu.pe\/webiestpisa\/wp-content\/uploads\/2024\/03\/Sin-titulo-1-scaled.jpg?resize=207%2C300&amp;ssl=1 207w, https:\/\/i0.wp.com\/iestpisa.edu.pe\/webiestpisa\/wp-content\/uploads\/2024\/03\/Sin-titulo-1-scaled.jpg?resize=707%2C1024&amp;ssl=1 707w, https:\/\/i0.wp.com\/iestpisa.edu.pe\/webiestpisa\/wp-content\/uploads\/2024\/03\/Sin-titulo-1-scaled.jpg?resize=768%2C1113&amp;ssl=1 768w, https:\/\/i0.wp.com\/iestpisa.edu.pe\/webiestpisa\/wp-content\/uploads\/2024\/03\/Sin-titulo-1-scaled.jpg?resize=1060%2C1536&amp;ssl=1 1060w, https:\/\/i0.wp.com\/iestpisa.edu.pe\/webiestpisa\/wp-content\/uploads\/2024\/03\/Sin-titulo-1-scaled.jpg?resize=1414%2C2048&amp;ssl=1 1414w, https:\/\/i0.wp.com\/iestpisa.edu.pe\/webiestpisa\/wp-content\/uploads\/2024\/03\/Sin-titulo-1-scaled.jpg?w=1600&amp;ssl=1 1600w\" sizes=\"auto, (max-width: 707px) 100vw, 707px\" loading=\"lazy\">\t\t\t\t\t\t\t\t\t\t\t\t\t\t\t<\/div>\n\t\t\t\t<\/div>\n\t\t\t\t<div class=\"elementor-element elementor-element-0eae8af animated-slow elementor-invisible elementor-widget elementor-widget-heading\" data-id=\"0eae8af\" data-element_type=\"widget\" data-e-type=\"widget\" data-settings=\"{&quot;_animation&quot;:&quot;fadeIn&quot;}\" data-widget_type=\"heading.default\">\n\t\t\t\t<div class=\"elementor-widget-container\">\n\t\t\t\t\t<h1 class=\"elementor-heading-title elementor-size-default\">Responsabilidad:<\/h1>\t\t\t\t<\/div>\n\t\t\t\t<\/div>\n\t\t\t\t<div class=\"elementor-element elementor-element-56aeab5 elementor-invisible elementor-widget elementor-widget-text-editor\" data-id=\"56aeab5\" data-element_type=\"widget\" data-e-type=\"widget\" data-settings=\"{&quot;_animation&quot;:&quot;fadeIn&quot;}\" data-widget_type=\"text-editor.default\">\n\t\t\t\t<div class=\"elementor-widget-container\">\n\t\t\t\t\t\t\t\t\t<p>Promovemos el cumplimiento de los compromisos y obligaciones ante los dem\u00e1s asumiendo las consecuencias de nuestros actos.<\/p>\t\t\t\t\t\t\t\t<\/div>\n\t\t\t\t<\/div>\n\t\t\t\t\t<\/div>\n\t\t<\/div>\n\t\t\t\t<div class=\"elementor-column elementor-col-25 elementor-inner-column elementor-element elementor-element-67705c18\" data-id=\"67705c18\" data-element_type=\"column\" data-e-type=\"column\">\n\t\t\t<div class=\"elementor-widget-wrap elementor-element-populated\">\n\t\t\t\t\t\t<div class=\"elementor-element elementor-element-72885295 animated-slow elementor-invisible elementor-widget elementor-widget-heading\" data-id=\"72885295\" data-element_type=\"widget\" data-e-type=\"widget\" data-settings=\"{&quot;_animation&quot;:&quot;fadeIn&quot;}\" data-widget_type=\"heading.default\">\n\t\t\t\t<div class=\"elementor-widget-container\">\n\t\t\t\t\t<h1 class=\"elementor-heading-title elementor-size-default\">Solidaridad:<\/h1>\t\t\t\t<\/div>\n\t\t\t\t<\/div>\n\t\t\t\t<div class=\"elementor-element elementor-element-757043ff elementor-invisible elementor-widget elementor-widget-text-editor\" data-id=\"757043ff\" data-element_type=\"widget\" data-e-type=\"widget\" data-settings=\"{&quot;_animation&quot;:&quot;fadeIn&quot;}\" data-widget_type=\"text-editor.default\">\n\t\t\t\t<div class=\"elementor-widget-container\">\n\t\t\t\t\t\t\t\t\tUnimos esfuerzos para superar las adversidades y obst\u00e1culos que se presenten. \t\t\t\t\t\t\t\t<\/div>\n\t\t\t\t<\/div>\n\t\t\t\t<div class=\"elementor-element elementor-element-79908c60 animated-slow elementor-invisible elementor-widget elementor-widget-heading\" data-id=\"79908c60\" data-element_type=\"widget\" data-e-type=\"widget\" data-settings=\"{&quot;_animation&quot;:&quot;fadeIn&quot;}\" data-widget_type=\"heading.default\">\n\t\t\t\t<div class=\"elementor-widget-container\">\n\t\t\t\t\t<h1 class=\"elementor-heading-title elementor-size-default\">Honradez:<\/h1>\t\t\t\t<\/div>\n\t\t\t\t<\/div>\n\t\t\t\t<div class=\"elementor-element elementor-element-5720f79d elementor-invisible elementor-widget elementor-widget-text-editor\" data-id=\"5720f79d\" data-element_type=\"widget\" data-e-type=\"widget\" data-settings=\"{&quot;_animation&quot;:&quot;fadeIn&quot;}\" data-widget_type=\"text-editor.default\">\n\t\t\t\t<div class=\"elementor-widget-container\">\n\t\t\t\t\t\t\t\t\tActuamos con honradez propiciando un ambiente de justicia, rectitud y confianza. \t\t\t\t\t\t\t\t<\/div>\n\t\t\t\t<\/div>\n\t\t\t\t<div class=\"elementor-element elementor-element-1bf5eee3 animated-slow elementor-invisible elementor-widget elementor-widget-heading\" data-id=\"1bf5eee3\" data-element_type=\"widget\" data-e-type=\"widget\" data-settings=\"{&quot;_animation&quot;:&quot;fadeIn&quot;}\" data-widget_type=\"heading.default\">\n\t\t\t\t<div class=\"elementor-widget-container\">\n\t\t\t\t\t<h1 class=\"elementor-heading-title elementor-size-default\">Trabajo en equipo<\/h1>\t\t\t\t<\/div>\n\t\t\t\t<\/div>\n\t\t\t\t<div class=\"elementor-element elementor-element-a378d97 elementor-invisible elementor-widget elementor-widget-text-editor\" data-id=\"a378d97\" data-element_type=\"widget\" data-e-type=\"widget\" data-settings=\"{&quot;_animation&quot;:&quot;fadeIn&quot;}\" data-widget_type=\"text-editor.default\">\n\t\t\t\t<div class=\"elementor-widget-container\">\n\t\t\t\t\t\t\t\t\tIncentivamos el trabajo en equipo para el logro de objetivos y metas institucionales.\t\t\t\t\t\t\t\t<\/div>\n\t\t\t\t<\/div>\n\t\t\t\t\t<\/div>\n\t\t<\/div>\n\t\t\t\t\t<\/div>\n\t\t<\/section>\n\t\t\t\t\t<\/div>\n\t\t<\/div>\n\t\t\t\t\t<\/div>\n\t\t<\/section>\n\t\t\t\t<\/div>\n\t\t<\/body>","protected":false},"excerpt":{"rendered":"<p>Identidad Institucional MISI\u00d3N Somos un Instituto de Educaci\u00f3n Superior que forma personas en los campos de la tecnolog\u00eda, l\u00edderes, innovadores y emprendedores para contribuir al desarrollo del pa\u00eds a trav\u00e9s de la educaci\u00f3n permanente y el equilibrio entre la oferta formativa y la demanda laboral. VISI\u00d3N Al 2030, el Instituto \u201cSanta Angela\u201d brinda una oferta [&hellip;]<\/p>\n","protected":false},"author":1,"featured_media":0,"parent":0,"menu_order":0,"comment_status":"closed","ping_status":"closed","template":"elementor_header_footer","meta":{"_joinchat":[],"footnotes":""},"class_list":["post-632","page","type-page","status-publish","hentry"],"jetpack_sharing_enabled":true,"_links":{"self":[{"href":"https:\/\/iestpisa.edu.pe\/webiestpisa\/wp-json\/wp\/v2\/pages\/632","targetHints":{"allow":["GET"]}}],"collection":[{"href":"https:\/\/iestpisa.edu.pe\/webiestpisa\/wp-json\/wp\/v2\/pages"}],"about":[{"href":"https:\/\/iestpisa.edu.pe\/webiestpisa\/wp-json\/wp\/v2\/types\/page"}],"author":[{"embeddable":true,"href":"https:\/\/iestpisa.edu.pe\/webiestpisa\/wp-json\/wp\/v2\/users\/1"}],"replies":[{"embeddable":true,"href":"https:\/\/iestpisa.edu.pe\/webiestpisa\/wp-json\/wp\/v2\/comments?post=632"}],"version-history":[{"count":98,"href":"https:\/\/iestpisa.edu.pe\/webiestpisa\/wp-json\/wp\/v2\/pages\/632\/revisions"}],"predecessor-version":[{"id":2894,"href":"https:\/\/iestpisa.edu.pe\/webiestpisa\/wp-json\/wp\/v2\/pages\/632\/revisions\/2894"}],"wp:attachment":[{"href":"https:\/\/iestpisa.edu.pe\/webiestpisa\/wp-json\/wp\/v2\/media?parent=632"}],"curies":[{"name":"wp","href":"https:\/\/api.w.org\/{rel}","templated":true}]}}