{"id":634,"date":"2023-12-03T16:56:34","date_gmt":"2023-12-03T16:56:34","guid":{"rendered":"https:\/\/iestpisa.edu.pe\/webiestpisa\/?page_id=634"},"modified":"2024-03-26T18:31:29","modified_gmt":"2024-03-26T18:31:29","slug":"organizacion-institucional","status":"publish","type":"page","link":"https:\/\/iestpisa.edu.pe\/webiestpisa\/organizacion-institucional\/","title":{"rendered":"Organizaci\u00f3n Institucional"},"content":{"rendered":"<body>\t\t<div data-elementor-type=\"wp-page\" data-elementor-id=\"634\" class=\"elementor elementor-634\" data-elementor-post-type=\"page\">\n\t\t\t\t<div class=\"elementor-element elementor-element-501e042 e-con-full e-flex e-con e-parent\" data-id=\"501e042\" data-element_type=\"container\" data-e-type=\"container\" data-settings=\"{&quot;background_background&quot;:&quot;slideshow&quot;,&quot;background_slideshow_gallery&quot;:[{&quot;id&quot;:1505,&quot;url&quot;:&quot;https:\\\/\\\/iestpisa.edu.pe\\\/webiestpisa\\\/wp-content\\\/uploads\\\/2024\\\/03\\\/orgranigrama.jpg&quot;}],&quot;background_slideshow_loop&quot;:&quot;yes&quot;,&quot;background_slideshow_slide_duration&quot;:5000,&quot;background_slideshow_slide_transition&quot;:&quot;fade&quot;,&quot;background_slideshow_transition_duration&quot;:500}\">\n\t\t\t\t<div class=\"elementor-element elementor-element-f9a7e8f elementor-widget elementor-widget-heading\" data-id=\"f9a7e8f\" data-element_type=\"widget\" data-e-type=\"widget\" data-widget_type=\"heading.default\">\n\t\t\t\t<div class=\"elementor-widget-container\">\n\t\t\t\t\t<h2 class=\"elementor-heading-title elementor-size-default\">Organizaci\u00f3n Institucional<\/h2>\t\t\t\t<\/div>\n\t\t\t\t<\/div>\n\t\t\t\t<div class=\"elementor-element elementor-element-49b7529 elementor-align-center elementor-widget elementor-widget-button\" data-id=\"49b7529\" data-element_type=\"widget\" data-e-type=\"widget\" data-widget_type=\"button.default\">\n\t\t\t\t<div class=\"elementor-widget-container\">\n\t\t\t\t\t\t\t\t\t<div class=\"elementor-button-wrapper\">\n\t\t\t\t\t<a class=\"elementor-button elementor-button-link elementor-size-sm\" href=\"https:\/\/iestpisa.edu.pe\/webiestpisa\/wp-content\/uploads\/2024\/03\/ORGANIGRAMA.pdf\" target=\"_blank\">\n\t\t\t\t\t\t<span class=\"elementor-button-content-wrapper\">\n\t\t\t\t\t\t<span class=\"elementor-button-icon\">\n\t\t\t\t<svg aria-hidden=\"true\" class=\"e-font-icon-svg e-fas-download\" viewbox=\"0 0 512 512\" xmlns=\"http:\/\/www.w3.org\/2000\/svg\"><path d=\"M216 0h80c13.3 0 24 10.7 24 24v168h87.7c17.8 0 26.7 21.5 14.1 34.1L269.7 378.3c-7.5 7.5-19.8 7.5-27.3 0L90.1 226.1c-12.6-12.6-3.7-34.1 14.1-34.1H192V24c0-13.3 10.7-24 24-24zm296 376v112c0 13.3-10.7 24-24 24H24c-13.3 0-24-10.7-24-24V376c0-13.3 10.7-24 24-24h146.7l49 49c20.1 20.1 52.5 20.1 72.6 0l49-49H488c13.3 0 24 10.7 24 24zm-124 88c0-11-9-20-20-20s-20 9-20 20 9 20 20 20 20-9 20-20zm64 0c0-11-9-20-20-20s-20 9-20 20 9 20 20 20 20-9 20-20z\"><\/path><\/svg>\t\t\t<\/span>\n\t\t\t\t\t\t\t\t\t<span class=\"elementor-button-text\">DESCARGAR  ORGANIGRAMA<\/span>\n\t\t\t\t\t<\/span>\n\t\t\t\t\t<\/a>\n\t\t\t\t<\/div>\n\t\t\t\t\t\t\t\t<\/div>\n\t\t\t\t<\/div>\n\t\t\t\t<\/div>\n\t\t\t\t<section class=\"elementor-section elementor-top-section elementor-element elementor-element-0b53690 elementor-section-boxed elementor-section-height-default elementor-section-height-default\" data-id=\"0b53690\" data-element_type=\"section\" data-e-type=\"section\" data-settings=\"{&quot;background_background&quot;:&quot;classic&quot;}\">\n\t\t\t\t\t\t\t<div class=\"elementor-background-overlay\"><\/div>\n\t\t\t\t\t\t\t<div class=\"elementor-container elementor-column-gap-no\">\n\t\t\t\t\t<div class=\"elementor-column elementor-col-100 elementor-top-column elementor-element elementor-element-b6f1afc\" data-id=\"b6f1afc\" data-element_type=\"column\" data-e-type=\"column\">\n\t\t\t<div class=\"elementor-widget-wrap elementor-element-populated\">\n\t\t\t\t\t\t<div class=\"elementor-element elementor-element-8450d47 elementor-widget elementor-widget-heading\" data-id=\"8450d47\" data-element_type=\"widget\" data-e-type=\"widget\" data-widget_type=\"heading.default\">\n\t\t\t\t<div class=\"elementor-widget-container\">\n\t\t\t\t\t<h2 class=\"elementor-heading-title elementor-size-default\">Estructura Organizacional Institucional<\/h2>\t\t\t\t<\/div>\n\t\t\t\t<\/div>\n\t\t\t\t<div class=\"elementor-element elementor-element-03f5346 elementor-widget elementor-widget-text-editor\" data-id=\"03f5346\" data-element_type=\"widget\" data-e-type=\"widget\" data-widget_type=\"text-editor.default\">\n\t\t\t\t<div class=\"elementor-widget-container\">\n\t\t\t\t\t\t\t\t\t<p>El instituto de Educaci\u00f3n Superior Privado<strong> \u201cSANTA ANGELA\u201d<\/strong>, cuenta con la siguiente estructura organizativa.<\/p><p><span style=\"color: #000000;\"><strong>a) Direcci\u00f3n General.<\/strong><\/span><\/p><p><span style=\"color: #000000;\"><strong>b) Consejo Asesor.<\/strong><\/span><\/p><p><span style=\"color: #000000;\"><strong>c) Secretaria de Direcci\u00f3n General.<\/strong><\/span><\/p><p><strong>d) Direcci\u00f3n \u00c1rea Administrativa.<\/strong><\/p><ul><li>Caja \/tesorer\u00eda<\/li><li>Contador<\/li><li>Log\u00edstica<\/li><li>Soporte t\u00e9cnico<\/li><li>Servicio de seguridad y vigilancia.<\/li><li>Servicio de limpieza y mantenimiento.<\/li><li>counter.<\/li><\/ul><p><strong>e) Directora Acad\u00e9mica.<\/strong><\/p><ul><li>Coordinador Acad\u00e9mico de Desarrollo de Sistemas de Informaci\u00f3n.<\/li><li>Coordinador Acad\u00e9mico de Enfermer\u00eda T\u00e9cnica.<\/li><li>Coordinador Acad\u00e9mico de Gesti\u00f3n Administrativa.<\/li><li>Docentes<\/li><\/ul><p><strong>f) Unidad de Formaci\u00f3n Continua.<\/strong><\/p><p><strong>g) Unidad de Bienestar y Empleabilidad.<\/strong><\/p><ul><li>Responsable psicopedag\u00f3gico.<\/li><li>Responsable de Asistencia Social.<\/li><li>Responsable de biblioteca.<\/li><li>Responsable de servicio m\u00e9dico (t\u00f3pico).<\/li><li>Comit\u00e9 de Defensa del Estudiante<\/li><\/ul><p><strong>h) Secretaria Acad\u00e9mica.<\/strong><\/p>\t\t\t\t\t\t\t\t<\/div>\n\t\t\t\t<\/div>\n\t\t\t\t\t<\/div>\n\t\t<\/div>\n\t\t\t\t\t<\/div>\n\t\t<\/section>\n\t\t<div class=\"elementor-element elementor-element-7d291c9 e-flex e-con-boxed e-con e-parent\" data-id=\"7d291c9\" data-element_type=\"container\" data-e-type=\"container\" data-settings=\"{&quot;background_background&quot;:&quot;classic&quot;}\">\n\t\t\t\t\t<div class=\"e-con-inner\">\n\t\t\t\t<div class=\"elementor-element elementor-element-c2950a3 elementor-widget elementor-widget-image\" data-id=\"c2950a3\" data-element_type=\"widget\" data-e-type=\"widget\" data-widget_type=\"image.default\">\n\t\t\t\t<div class=\"elementor-widget-container\">\n\t\t\t\t\t\t\t\t\t\t\t\t\t\t\t\t<a href=\"https:\/\/i0.wp.com\/iestpisa.edu.pe\/webiestpisa\/wp-content\/uploads\/2024\/03\/orga.jpg?ssl=1\" data-elementor-open-lightbox=\"yes\" data-elementor-lightbox-title=\"orga\" data-e-action-hash=\"#elementor-action%3Aaction%3Dlightbox%26settings%3DeyJpZCI6MTUwMCwidXJsIjoiaHR0cHM6XC9cL2llc3RwaXNhLmVkdS5wZVwvd2ViaWVzdHBpc2FcL3dwLWNvbnRlbnRcL3VwbG9hZHNcLzIwMjRcLzAzXC9vcmdhLXNjYWxlZC5qcGcifQ%3D%3D\">\n\t\t\t\t\t\t\t<img loading=\"lazy\" decoding=\"async\" width=\"800\" height=\"874\" src=\"https:\/\/i0.wp.com\/iestpisa.edu.pe\/webiestpisa\/wp-content\/uploads\/2024\/03\/orga-scaled.jpg?fit=800%2C874&amp;ssl=1\" class=\"attachment-large size-large wp-image-1500\" alt=\"\" srcset=\"https:\/\/i0.wp.com\/iestpisa.edu.pe\/webiestpisa\/wp-content\/uploads\/2024\/03\/orga-scaled.jpg?w=2343&amp;ssl=1 2343w, https:\/\/i0.wp.com\/iestpisa.edu.pe\/webiestpisa\/wp-content\/uploads\/2024\/03\/orga-scaled.jpg?resize=275%2C300&amp;ssl=1 275w, https:\/\/i0.wp.com\/iestpisa.edu.pe\/webiestpisa\/wp-content\/uploads\/2024\/03\/orga-scaled.jpg?resize=937%2C1024&amp;ssl=1 937w, https:\/\/i0.wp.com\/iestpisa.edu.pe\/webiestpisa\/wp-content\/uploads\/2024\/03\/orga-scaled.jpg?resize=768%2C839&amp;ssl=1 768w, https:\/\/i0.wp.com\/iestpisa.edu.pe\/webiestpisa\/wp-content\/uploads\/2024\/03\/orga-scaled.jpg?resize=1406%2C1536&amp;ssl=1 1406w, https:\/\/i0.wp.com\/iestpisa.edu.pe\/webiestpisa\/wp-content\/uploads\/2024\/03\/orga-scaled.jpg?resize=1874%2C2048&amp;ssl=1 1874w, https:\/\/i0.wp.com\/iestpisa.edu.pe\/webiestpisa\/wp-content\/uploads\/2024\/03\/orga-scaled.jpg?w=1600&amp;ssl=1 1600w\" sizes=\"auto, (max-width: 800px) 100vw, 800px\" loading=\"lazy\">\t\t\t\t\t\t\t\t<\/a>\n\t\t\t\t\t\t\t\t\t\t\t\t\t\t\t<\/div>\n\t\t\t\t<\/div>\n\t\t\t\t\t<\/div>\n\t\t\t\t<\/div>\n\t\t\t\t<\/div>\n\t\t<\/body>","protected":false},"excerpt":{"rendered":"<p>Organizaci\u00f3n Institucional DESCARGAR ORGANIGRAMA Estructura Organizacional Institucional El instituto de Educaci\u00f3n Superior Privado \u201cSANTA ANGELA\u201d, cuenta con la siguiente estructura organizativa. a) Direcci\u00f3n General. b) Consejo Asesor. c) Secretaria de Direcci\u00f3n General. d) Direcci\u00f3n \u00c1rea Administrativa. Caja \/tesorer\u00eda Contador Log\u00edstica Soporte t\u00e9cnico Servicio de seguridad y vigilancia. Servicio de limpieza y mantenimiento. counter. e) Directora [&hellip;]<\/p>\n","protected":false},"author":1,"featured_media":0,"parent":0,"menu_order":0,"comment_status":"closed","ping_status":"closed","template":"elementor_header_footer","meta":{"_joinchat":[],"footnotes":""},"class_list":["post-634","page","type-page","status-publish","hentry"],"jetpack_sharing_enabled":true,"_links":{"self":[{"href":"https:\/\/iestpisa.edu.pe\/webiestpisa\/wp-json\/wp\/v2\/pages\/634","targetHints":{"allow":["GET"]}}],"collection":[{"href":"https:\/\/iestpisa.edu.pe\/webiestpisa\/wp-json\/wp\/v2\/pages"}],"about":[{"href":"https:\/\/iestpisa.edu.pe\/webiestpisa\/wp-json\/wp\/v2\/types\/page"}],"author":[{"embeddable":true,"href":"https:\/\/iestpisa.edu.pe\/webiestpisa\/wp-json\/wp\/v2\/users\/1"}],"replies":[{"embeddable":true,"href":"https:\/\/iestpisa.edu.pe\/webiestpisa\/wp-json\/wp\/v2\/comments?post=634"}],"version-history":[{"count":70,"href":"https:\/\/iestpisa.edu.pe\/webiestpisa\/wp-json\/wp\/v2\/pages\/634\/revisions"}],"predecessor-version":[{"id":2427,"href":"https:\/\/iestpisa.edu.pe\/webiestpisa\/wp-json\/wp\/v2\/pages\/634\/revisions\/2427"}],"wp:attachment":[{"href":"https:\/\/iestpisa.edu.pe\/webiestpisa\/wp-json\/wp\/v2\/media?parent=634"}],"curies":[{"name":"wp","href":"https:\/\/api.w.org\/{rel}","templated":true}]}}